{"id":29332,"date":"2024-04-26T11:59:29","date_gmt":"2024-04-26T09:59:29","guid":{"rendered":"https:\/\/lokalundfair-fms.ch\/une-idee-nait\/"},"modified":"2024-05-25T22:29:44","modified_gmt":"2024-05-25T20:29:44","slug":"une-idee-nait","status":"publish","type":"page","link":"https:\/\/lokalundfair.ch\/fr\/une-idee-nait\/","title":{"rendered":"Une id\u00e9e na\u00eet"},"content":{"rendered":"<p>[et_pb_section fb_built=\u00a0\u00bb1&Prime; _builder_version=\u00a0\u00bb4.24.3&Prime; _module_preset=\u00a0\u00bbdefault\u00a0\u00bb global_colors_info=\u00a0\u00bb{}\u00a0\u00bb][et_pb_row column_structure=\u00a0\u00bb1_2,1_2&Prime; _builder_version=\u00a0\u00bb4.24.3&Prime; _module_preset=\u00a0\u00bbdefault\u00a0\u00bb global_colors_info=\u00a0\u00bb{}\u00a0\u00bb][et_pb_column type=\u00a0\u00bb1_2&Prime; _builder_version=\u00a0\u00bb4.24.3&Prime; _module_preset=\u00a0\u00bbdefault\u00a0\u00bb global_colors_info=\u00a0\u00bb{}\u00a0\u00bb][et_pb_text _builder_version=\u00a0\u00bb4.24.3&Prime; _module_preset=\u00a0\u00bbdefault\u00a0\u00bb global_colors_info=\u00a0\u00bb{}\u00a0\u00bb]<\/p>\n<div class=\"post-content  blogpost__post-content\">\n<header class=\"post-header  blogpost__post-header\">\n<h2 class=\"post-title  blogpost__post-title\" itemprop=\"name headline\"><b>Pourquoi local<\/b><span style=\"font-size: 14px; color: #666666; font-family: 'Nunito Sans', Helvetica, Arial, Lucida, sans-serif;\">\u00a0<\/span><\/h2>\n<\/header>\n<div class=\"post-body  blogpost__post-body\" itemprop=\"articleBody\">\n<section class=\"elementor-section elementor-top-section elementor-element elementor-element-7e164ce elementor-section-boxed elementor-section-height-default elementor-section-height-default\" data-id=\"7e164ce\" data-element_type=\"section\">\n<div class=\"elementor-container elementor-column-gap-default\">\n<div class=\"elementor-column elementor-col-50 elementor-top-column elementor-element elementor-element-1d764ea\" data-id=\"1d764ea\" data-element_type=\"column\">\n<div class=\"elementor-widget-wrap elementor-element-populated\">\n<div class=\"elementor-element elementor-element-b3a07e5 elementor-widget elementor-widget-text-editor\" data-id=\"b3a07e5\" data-element_type=\"widget\" data-widget_type=\"text-editor.default\">\n<div class=\"elementor-widget-container\">\n<p><span>Acheter local et r\u00e9gional est pr\u00e9sent\u00e9 aux clients par les grands d\u00e9taillants \u00e0 l\u2019aide de programmes sympathiques. Mais ceux qui pensent atteindre ainsi la durabilit\u00e9 se trompent. Les produits de proximit\u00e9 ne sont souvent pas \u00e9quitables. C\u2019est pourquoi March\u00e9s \u00e9quitables Suisse veut r\u00e9orienter le \u2018local\u2019 et le \u2018r\u00e9gional\u2019 et lance l\u2019initiative\u00a0 \u2018local + \u00e9quitable\u2019 avec les trois principes suivants : transparence, cha\u00eenes de cr\u00e9ation de valeur courtes et v\u00e9rit\u00e9 des co\u00fbts.<\/span><\/p>\n<\/div>\n<\/div>\n<\/div>\n<\/div>\n<\/div>\n<\/section>\n<section class=\"elementor-section elementor-top-section elementor-element elementor-element-d1d88a8 elementor-section-boxed elementor-section-height-default elementor-section-height-default\" data-id=\"d1d88a8\" data-element_type=\"section\" data-settings=\"{&quot;background_background&quot;:&quot;classic&quot;}\">\n<div class=\"elementor-container elementor-column-gap-default\">\n<div class=\"elementor-column elementor-col-100 elementor-top-column elementor-element elementor-element-6f3aaa2\" data-id=\"6f3aaa2\" data-element_type=\"column\">\n<div class=\"elementor-widget-wrap elementor-element-populated\">\n<section class=\"elementor-section elementor-inner-section elementor-element elementor-element-58903fd elementor-reverse-tablet elementor-reverse-mobile elementor-section-boxed elementor-section-height-default elementor-section-height-default\" data-id=\"58903fd\" data-element_type=\"section\" data-settings=\"{&quot;background_background&quot;:&quot;classic&quot;}\">\n<div class=\"elementor-container elementor-column-gap-default\">\n<div class=\"elementor-column elementor-col-50 elementor-inner-column elementor-element elementor-element-99e4d42\" data-id=\"99e4d42\" data-element_type=\"column\">\n<div class=\"elementor-widget-wrap elementor-element-populated\">\n<div class=\"elementor-element elementor-element-3e765c9 elementor-position-left elementor-vertical-align-middle elementor-view-default elementor-mobile-position-top elementor-widget elementor-widget-icon-box\" data-id=\"3e765c9\" data-element_type=\"widget\" data-widget_type=\"icon-box.default\">\n<div class=\"elementor-widget-container\">\n<div class=\"elementor-icon-box-wrapper\">\n<div class=\"elementor-icon-box-icon\"><\/div>\n<\/div>\n<\/div>\n<\/div>\n<\/div>\n<\/div>\n<\/div>\n<\/section>\n<\/div>\n<\/div>\n<\/div>\n<\/section>\n<p>&nbsp;<\/p>\n<\/div>\n<\/div>\n<p>[\/et_pb_text][\/et_pb_column][et_pb_column type=\u00a0\u00bb1_2&Prime; _builder_version=\u00a0\u00bb4.24.3&Prime; _module_preset=\u00a0\u00bbdefault\u00a0\u00bb global_colors_info=\u00a0\u00bb{}\u00a0\u00bb][et_pb_image src=\u00a0\u00bbhttps:\/\/lokalundfair.ch\/wp-content\/uploads\/2024\/05\/27-24.jpg\u00a0\u00bb title_text=\u00a0\u00bb27-24&Prime; _builder_version=\u00a0\u00bb4.24.3&Prime; _module_preset=\u00a0\u00bbdefault\u00a0\u00bb height=\u00a0\u00bb400px\u00a0\u00bb height_tablet=\u00a0\u00bb400px\u00a0\u00bb height_phone=\u00a0\u00bb400px\u00a0\u00bb height_last_edited=\u00a0\u00bbon|desktop\u00a0\u00bb custom_css_free_form=\u00a0\u00bbselector img {||    height: 100%;||    object-fit: cover;||}||\u00a0\u00bb global_colors_info=\u00a0\u00bb{}\u00a0\u00bb][\/et_pb_image][\/et_pb_column][\/et_pb_row][\/et_pb_section]<\/p>\n","protected":false},"excerpt":{"rendered":"<p>Pourquoi local\u00a0 Acheter local et r\u00e9gional est pr\u00e9sent\u00e9 aux clients par les grands d\u00e9taillants \u00e0 l\u2019aide de programmes sympathiques. Mais ceux qui pensent atteindre ainsi la durabilit\u00e9 se trompent. Les produits de proximit\u00e9 ne sont souvent pas \u00e9quitables. C\u2019est pourquoi March\u00e9s \u00e9quitables Suisse veut r\u00e9orienter le \u2018local\u2019 et le \u2018r\u00e9gional\u2019 et lance l\u2019initiative\u00a0 \u2018local + [&hellip;]<\/p>\n","protected":false},"author":1,"featured_media":0,"parent":0,"menu_order":0,"comment_status":"closed","ping_status":"closed","template":"","meta":{"_acf_changed":false,"_et_pb_use_builder":"on","_et_pb_old_content":"","_et_gb_content_width":"","footnotes":""},"class_list":["post-29332","page","type-page","status-publish","hentry"],"acf":[],"_links":{"self":[{"href":"https:\/\/lokalundfair.ch\/fr\/wp-json\/wp\/v2\/pages\/29332","targetHints":{"allow":["GET"]}}],"collection":[{"href":"https:\/\/lokalundfair.ch\/fr\/wp-json\/wp\/v2\/pages"}],"about":[{"href":"https:\/\/lokalundfair.ch\/fr\/wp-json\/wp\/v2\/types\/page"}],"author":[{"embeddable":true,"href":"https:\/\/lokalundfair.ch\/fr\/wp-json\/wp\/v2\/users\/1"}],"replies":[{"embeddable":true,"href":"https:\/\/lokalundfair.ch\/fr\/wp-json\/wp\/v2\/comments?post=29332"}],"version-history":[{"count":0,"href":"https:\/\/lokalundfair.ch\/fr\/wp-json\/wp\/v2\/pages\/29332\/revisions"}],"wp:attachment":[{"href":"https:\/\/lokalundfair.ch\/fr\/wp-json\/wp\/v2\/media?parent=29332"}],"curies":[{"name":"wp","href":"https:\/\/api.w.org\/{rel}","templated":true}]}}