{"id":29352,"date":"2017-02-16T09:17:12","date_gmt":"2017-02-16T08:17:12","guid":{"rendered":"https:\/\/lokalundfair-fms.ch\/a-propos-de-nous\/"},"modified":"2025-08-18T10:10:45","modified_gmt":"2025-08-18T08:10:45","slug":"a-propos-de-nous","status":"publish","type":"page","link":"https:\/\/lokalundfair.ch\/fr\/a-propos-de-nous\/","title":{"rendered":"\u00c0 propos"},"content":{"rendered":"<p>[et_pb_section fb_built=\u00a0\u00bb1&Prime; _builder_version=\u00a0\u00bb4.24.3&Prime; _module_preset=\u00a0\u00bbdefault\u00a0\u00bb background_image=\u00a0\u00bbhttps:\/\/lokalundfair.ch\/wp-content\/uploads\/2024\/04\/Group-32.png\u00a0\u00bb global_colors_info=\u00a0\u00bb{}\u00a0\u00bb][et_pb_row _builder_version=\u00a0\u00bb4.24.3&Prime; _module_preset=\u00a0\u00bbdefault\u00a0\u00bb global_colors_info=\u00a0\u00bb{}\u00a0\u00bb][et_pb_column type=\u00a0\u00bb4_4&Prime; _builder_version=\u00a0\u00bb4.24.3&Prime; _module_preset=\u00a0\u00bbdefault\u00a0\u00bb global_colors_info=\u00a0\u00bb{}\u00a0\u00bb][et_pb_text _builder_version=\u00a0\u00bb4.24.3&Prime; _module_preset=\u00a0\u00bbdefault\u00a0\u00bb header_text_color=\u00a0\u00bb#FFFFFF\u00a0\u00bb global_colors_info=\u00a0\u00bb{}\u00a0\u00bb]<\/p>\n<h1 style=\"text-align: center;\"><strong>\u00c0 propos de nous<\/strong><\/h1>\n<p>[\/et_pb_text][\/et_pb_column][\/et_pb_row][\/et_pb_section][et_pb_section fb_built=\u00a0\u00bb1&Prime; _builder_version=\u00a0\u00bb4.24.3&Prime; _module_preset=\u00a0\u00bbdefault\u00a0\u00bb global_colors_info=\u00a0\u00bb{}\u00a0\u00bb][et_pb_row column_structure=\u00a0\u00bb1_2,1_2&Prime; _builder_version=\u00a0\u00bb4.24.3&Prime; _module_preset=\u00a0\u00bbdefault\u00a0\u00bb global_colors_info=\u00a0\u00bb{}\u00a0\u00bb][et_pb_column type=\u00a0\u00bb1_2&Prime; _builder_version=\u00a0\u00bb4.24.3&Prime; _module_preset=\u00a0\u00bbdefault\u00a0\u00bb global_colors_info=\u00a0\u00bb{}\u00a0\u00bb][et_pb_text _builder_version=\u00a0\u00bb4.27.4&Prime; _module_preset=\u00a0\u00bbdefault\u00a0\u00bb custom_css_free_form=\u00a0\u00bbselector h1, selector h2, selector h3, selector h4, selector h5, selector h6 {||    background: -webkit-linear-gradient(24deg, #0099d2, #039754);||    -webkit-background-clip: text;||    -webkit-text-fill-color: transparent;||}||\u00a0\u00bb global_colors_info=\u00a0\u00bb{}\u00a0\u00bb]<\/p>\n<h3><strong><em>local + \u00e9quitable<\/em> est un projet de l&rsquo;association March\u00e9s \u00c9quitables Suisse, lanc\u00e9 en collaboration avec des acteurs locaux et des communes<\/strong><\/h3>\n<p>&nbsp;<\/p>\n<p>Nous nous engageons pour des march\u00e9s \u00e9quitables, dans lesquels une concurrence favorable est garantie dans l&rsquo;int\u00e9r\u00eat de tous les acteurs et nous nous engageons pour une formation des prix dans laquelle des prix \u00e0 la consommation excessifs sont \u00e9vit\u00e9s et des prix \u00e0 la production appropri\u00e9s sont pay\u00e9s. Les producteurs et productrices doivent \u00eatre r\u00e9mun\u00e9r\u00e9s \u00e9quitablement et en fonction de leurs efforts pour la cr\u00e9ation de valeur. Par notre travail, nous encourageons le changement vers des syst\u00e8mes alimentaires durables et respectueux des animaux, dans lesquels la comp\u00e9titivit\u00e9 des produits d&rsquo;avenir augmente, les prix sont davantage calcul\u00e9s en fonction des co\u00fbts effectifs des exploitations performantes et le bien-\u00eatre des hommes, des animaux et de l&rsquo;environnement est encourag\u00e9. Vers le site web de March\u00e9s \u00c9quitables Suisse (MES) : <a href=\"https:\/\/fairemaerkteschweiz.ch\/fr\/\" target=\"_blank\" rel=\"noopener noreferrer nofollow\">www.marches-equitables-suisse.ch<\/a><\/p>\n<p><b><strong>Le projet est rendu possible gr\u00e2ce \u00e0 nos fondations partenaires, aux fonds cantonaux de loterie et \u00e0 nos donateurs.<\/strong><\/b><\/p>\n<p>La Fondation ProCare permet \u00e0 l&rsquo;association de franchir la phase de cr\u00e9ation et d&rsquo;\u00e9tablissement.<\/p>\n<p>La <a href=\"https:\/\/hans-a-bill-stiftung.ch\/\" target=\"_blank\" rel=\"noopener noreferrer nofollow\">Fondation Hans A. Bill<\/a> soutiendra le d\u00e9veloppement et les activit\u00e9s de March\u00e9s \u00c9quitables Suisse ainsi que le projet <a href=\"https:\/\/lokalundfair.ch\/fr\/\"><i>local + \u00e9quitable<\/i><\/a> en 2024\/2025 dans le cadre de son programme de promotion d&rsquo;une agriculture innovante et durable. Par son engagement, la fondation d&rsquo;utilit\u00e9 publique Hans A. Bill souhaite att\u00e9nuer les cons\u00e9quences de la pauvret\u00e9, renforcer l&rsquo;agriculture biologique et promouvoir le sport comme vecteur d&rsquo;int\u00e9gration sociale. La fondation s&rsquo;aligne ainsi sur l&rsquo;Agenda 2030 des Nations Unies.<\/p>\n<p>La <a href=\"https:\/\/www.stiftung-mercator.ch\/\" target=\"_blank\" rel=\"noopener noreferrer nofollow\">Fondation Mercator Suisse<\/a> et la Fondation Walter Haefner s&rsquo;engagent en faveur des objectifs de March\u00e9s \u00e9quitables Suisse et ont permis l&rsquo;ancrage et l&rsquo;extension du projet <a href=\"https:\/\/lokalundfair.ch\/fr\/\"><i>local + \u00e9quitable<\/i> <\/a>en 2024.<\/p>\n<p>La <a href=\"http:\/\/www.stiftung-mercator.ch\/\" target=\"_blank\" rel=\"noopener noreferrer nofollow\">Fondation Mercator Suisse<\/a> d\u00e9veloppe, teste et diffuse, en collaboration avec divers acteurs, des id\u00e9es pour relever les d\u00e9fis actuels. Elle renforce la soci\u00e9t\u00e9 civile et forge de larges alliances afin d&rsquo;initier le changement et de fa\u00e7onner l&rsquo;avenir. Elle garde \u00e0 l&rsquo;esprit sa vision d&rsquo;une soci\u00e9t\u00e9 d\u00e9mocratique, \u00e9quitable et \u00e9cologiquement durable.<\/p>\n<p>Le fonds de loterie du canton de Zoug soutient la mise en \u0153uvre du projet <a href=\"https:\/\/lokalundfair.ch\/fr\/\"><i>local + \u00e9quitable<\/i><\/a> dans le canton et contribue ainsi \u00e0 permettre aux communes, aux producteurs et aux entreprises de tirer parti des synergies du projet. Le fonds de loterie du canton de Lucerne soutient \u00e9galement la mise en \u0153uvre de<i> <a href=\"https:\/\/lokalundfair.ch\/fr\/\">local + \u00e9quitable<\/a><\/i><i>\u00a0dans le canton de Lucerne<\/i> et l&rsquo;exploitation des synergies entre les communes, les producteurs et les entreprises.<\/p>\n<p>Nous remercions nos partenaires pour leur engagement et <a href=\"mailto:info@fairemaerkteschweiz.ch\">restons \u00e0 la disposition des personnes int\u00e9ress\u00e9es pour toute information ou \u00e9change<\/a>.<\/p>\n<p>Vous souhaitez rester inform\u00e9 sur<i> local + \u00e9quitable<\/i> ? Abonnez-vous \u00e0 la newsletter M\u00c9S : <a href=\"https:\/\/fairemaerkteschweiz.ch\/fr\/soutenir\/#newsletter\" target=\"_blank\" rel=\"noopener noreferrer nofollow\">https:\/\/fairemaerkteschweiz.ch\/fr\/soutenir\/#newsletter<\/a><\/p>\n<p>[\/et_pb_text][\/et_pb_column][et_pb_column type=\u00a0\u00bb1_2&Prime; _builder_version=\u00a0\u00bb4.24.3&Prime; _module_preset=\u00a0\u00bbdefault\u00a0\u00bb global_colors_info=\u00a0\u00bb{}\u00a0\u00bb][et_pb_image src=\u00a0\u00bbhttps:\/\/lokalundfair.ch\/wp-content\/uploads\/2024\/04\/close-up-people-selling-crops-from-their-garden-1-scaled.jpg\u00a0\u00bb title_text=\u00a0\u00bbclose-up-people-selling-crops-from-their-garden (1)\u00a0\u00bb _builder_version=\u00a0\u00bb4.24.3&Prime; _module_preset=\u00a0\u00bbdefault\u00a0\u00bb global_colors_info=\u00a0\u00bb{}\u00a0\u00bb][\/et_pb_image][\/et_pb_column][\/et_pb_row][\/et_pb_section][et_pb_section fb_built=\u00a0\u00bb1&Prime; _builder_version=\u00a0\u00bb4.24.3&Prime; _module_preset=\u00a0\u00bbdefault\u00a0\u00bb background_image=\u00a0\u00bbhttps:\/\/lokalundfair.ch\/wp-content\/uploads\/2024\/04\/colorful-composition-vegetables-with-copy-space-scaled.jpg\u00a0\u00bb global_colors_info=\u00a0\u00bb{}\u00a0\u00bb][et_pb_row column_structure=\u00a0\u00bb1_2,1_2&Prime; _builder_version=\u00a0\u00bb4.24.3&Prime; _module_preset=\u00a0\u00bbdefault\u00a0\u00bb global_colors_info=\u00a0\u00bb{}\u00a0\u00bb][et_pb_column type=\u00a0\u00bb1_2&Prime; _builder_version=\u00a0\u00bb4.24.3&Prime; _module_preset=\u00a0\u00bbdefault\u00a0\u00bb global_colors_info=\u00a0\u00bb{}\u00a0\u00bb][et_pb_text _builder_version=\u00a0\u00bb4.24.3&Prime; _module_preset=\u00a0\u00bbdefault\u00a0\u00bb custom_css_free_form=\u00a0\u00bbselector h1, selector h2, selector h3, selector h4, selector h5, selector h6 {||    background: -webkit-linear-gradient(24deg, #0099d2, #039754);||    -webkit-background-clip: text;||    -webkit-text-fill-color: transparent;||}||\u00a0\u00bb global_colors_info=\u00a0\u00bb{}\u00a0\u00bb]<\/p>\n<h2><b>Contact<\/b><\/h2>\n<p>&nbsp;<\/p>\n<p><span style=\"font-weight: 400;\">Association March\u00e9s \u00c9quitables Suisse<\/span><span style=\"font-weight: 400;\"><\/span><\/p>\n<p><span style=\"font-weight: 400;\">Hermetschloostrasse 70<\/span><span style=\"font-weight: 400;\"><\/span><\/p>\n<p><span style=\"font-weight: 400;\">8048 Zurich<\/span><\/p>\n<p><a href=\"https:\/\/fairemaerkteschweiz.ch\/fr\/\" target=\"_blank\" rel=\"noopener noreferrer nofollow\">www.marches-equitables-suisse.ch<\/a><span style=\"font-weight: 400;\"><\/span><\/p>\n<p><a href=\"tel:04420%20562%7\"><span style=\"font-weight: 400;\">044 562 44 77<\/span><\/a><\/p>\n<p><a href=\"mailto:info@fairemaerkteschweiz.ch\"><span style=\"font-weight: 400;\">info@fairemaerkteschweiz.ch<\/span><\/a><\/p>\n<p><span style=\"font-weight: 400;\"><a href=\"mailto:media@fairemaerkteschweiz.ch\">media@fairemaerkteschweiz.ch <\/a><\/span><\/p>\n<p><span style=\"font-weight: 400;\"><\/span><\/p>\n<p>[\/et_pb_text][\/et_pb_column][et_pb_column type=\u00a0\u00bb1_2&Prime; _builder_version=\u00a0\u00bb4.24.3&Prime; _module_preset=\u00a0\u00bbdefault\u00a0\u00bb global_colors_info=\u00a0\u00bb{}\u00a0\u00bb][\/et_pb_column][\/et_pb_row][\/et_pb_section]<\/p>\n","protected":false},"excerpt":{"rendered":"<p>\u00c0 propos de nouslocal + \u00e9quitable est un projet de l&rsquo;association March\u00e9s \u00c9quitables Suisse, lanc\u00e9 en collaboration avec des acteurs locaux et des communes &nbsp; Nous nous engageons pour des march\u00e9s \u00e9quitables, dans lesquels une concurrence favorable est garantie dans l&rsquo;int\u00e9r\u00eat de tous les acteurs et nous nous engageons pour une formation des prix dans [&hellip;]<\/p>\n","protected":false},"author":1,"featured_media":0,"parent":0,"menu_order":0,"comment_status":"closed","ping_status":"closed","template":"","meta":{"_acf_changed":false,"_et_pb_use_builder":"on","_et_pb_old_content":"","_et_gb_content_width":"","footnotes":""},"class_list":["post-29352","page","type-page","status-publish","hentry"],"acf":[],"_links":{"self":[{"href":"https:\/\/lokalundfair.ch\/fr\/wp-json\/wp\/v2\/pages\/29352","targetHints":{"allow":["GET"]}}],"collection":[{"href":"https:\/\/lokalundfair.ch\/fr\/wp-json\/wp\/v2\/pages"}],"about":[{"href":"https:\/\/lokalundfair.ch\/fr\/wp-json\/wp\/v2\/types\/page"}],"author":[{"embeddable":true,"href":"https:\/\/lokalundfair.ch\/fr\/wp-json\/wp\/v2\/users\/1"}],"replies":[{"embeddable":true,"href":"https:\/\/lokalundfair.ch\/fr\/wp-json\/wp\/v2\/comments?post=29352"}],"version-history":[{"count":2,"href":"https:\/\/lokalundfair.ch\/fr\/wp-json\/wp\/v2\/pages\/29352\/revisions"}],"predecessor-version":[{"id":31910,"href":"https:\/\/lokalundfair.ch\/fr\/wp-json\/wp\/v2\/pages\/29352\/revisions\/31910"}],"wp:attachment":[{"href":"https:\/\/lokalundfair.ch\/fr\/wp-json\/wp\/v2\/media?parent=29352"}],"curies":[{"name":"wp","href":"https:\/\/api.w.org\/{rel}","templated":true}]}}