{"id":30407,"date":"2024-09-03T10:20:24","date_gmt":"2024-09-03T08:20:24","guid":{"rendered":"https:\/\/lokalundfair.ch\/?page_id=30407"},"modified":"2025-07-30T16:19:33","modified_gmt":"2025-07-30T14:19:33","slug":"un-depart-sous-les-meilleurs-auspices-2","status":"publish","type":"page","link":"https:\/\/lokalundfair.ch\/fr\/un-depart-sous-les-meilleurs-auspices-2\/","title":{"rendered":"Le prix local + \u00e9quitable d\u00e9cern\u00e9 aux premi\u00e8res villes"},"content":{"rendered":"<p>[et_pb_section fb_built=\u00a0\u00bb1&Prime; _builder_version=\u00a0\u00bb4.24.3&Prime; _module_preset=\u00a0\u00bbdefault\u00a0\u00bb global_colors_info=\u00a0\u00bb{}\u00a0\u00bb][et_pb_row column_structure=\u00a0\u00bb1_2,1_2&Prime; _builder_version=\u00a0\u00bb4.24.3&Prime; _module_preset=\u00a0\u00bbdefault\u00a0\u00bb global_colors_info=\u00a0\u00bb{}\u00a0\u00bb][et_pb_column type=\u00a0\u00bb1_2&Prime; _builder_version=\u00a0\u00bb4.24.3&Prime; _module_preset=\u00a0\u00bbdefault\u00a0\u00bb global_colors_info=\u00a0\u00bb{}\u00a0\u00bb][et_pb_text _builder_version=\u00a0\u00bb4.24.3&Prime; _module_preset=\u00a0\u00bbdefault\u00a0\u00bb global_colors_info=\u00a0\u00bb{}\u00a0\u00bb]<\/p>\n<header class=\"post-header blogpost__post-header\">\n<section class=\"has_eae_slider elementor-section elementor-top-section elementor-element elementor-element-7a814076 elementor-section-height-min-height elementor-section-boxed elementor-section-height-default elementor-section-items-middle\" data-id=\"7a814076\" data-element_type=\"section\" data-settings=\"{\"background_background\":\"classic\"}\">\n<div class=\"elementor-container elementor-column-gap-default\">\n<div class=\"has_eae_slider elementor-column elementor-col-100 elementor-top-column elementor-element elementor-element-4c828435\" data-id=\"4c828435\" data-element_type=\"column\">\n<div class=\"elementor-widget-wrap elementor-element-populated\">\n<div class=\"elementor-element elementor-element-39f4c44c elementor-widget elementor-widget-theme-post-title elementor-page-title elementor-widget-heading\" data-id=\"39f4c44c\" data-element_type=\"widget\" data-widget_type=\"theme-post-title.default\">\n<div class=\"elementor-widget-container\">\n<h1 class=\"elementor-heading-title elementor-size-default\">Du cidre doux au lieu de boissons non alcoolis\u00e9es : Les premi\u00e8res villes \u00e0 recevoir le prix <em>local + \u00e9quitable <\/em><\/h1>\n<p><strong>Local plut\u00f4t que global : Uster et W\u00e4denswil vont de l&rsquo;avant. Les deux communes zurichoises re\u00e7oivent le prix <em>local + \u00e9quitable <\/em>. Celui-ci r\u00e9compense les communes et les villes pour leur engagement en faveur des produits locaux et du commerce. Le prix est d\u00e9cern\u00e9 par l&rsquo;association Faire M\u00e4rkte Schweiz. Barbara Thalmann, maire d&rsquo;Ustermer, et Jonas Erni, conseiller municipal de W\u00e4denswil, ont re\u00e7u le prix.     <\/strong><\/p>\n<p>\u00ab Les aliments sains et r\u00e9gionaux n&rsquo;ont jamais eu autant la cote qu&rsquo;aujourd&rsquo;hui \u00bb, d\u00e9clare Barbara Thalmann, maire d&rsquo;Uster. \u00ab Pr\u00e9server et promouvoir notre production r\u00e9gionale et les sp\u00e9cialit\u00e9s d&rsquo;Uster est \u00e9galement int\u00e9ressant pour la ville d&rsquo;un point de vue \u00e9conomique : si nous pouvons, en tant que ville, contribuer au maintien des producteurs locaux, cela ne contribue pas seulement \u00e0 la strat\u00e9gie de durabilit\u00e9, mais aussi \u00e0 l&rsquo;attractivit\u00e9 du site. Nous sommes fiers d&rsquo;\u00eatre l&rsquo;une des premi\u00e8res municipalit\u00e9s \u00e0 recevoir cet prix ! \u00bb <\/p>\n<\/div>\n<\/div>\n<\/div>\n<\/div>\n<\/div>\n<\/section>\n<\/header>\n<div class=\"post-body blogpost__post-body\" itemprop=\"articleBody\">\n<h3 class=\"wp-block-heading\"><strong><\/strong><\/h3>\n<h3 class=\"wp-block-heading\"><strong>Les produits locaux : Cr\u00e9er de la valeur et consommer localement<\/strong><\/h3>\n<p>Du jus de pomme au lieu de boissons non alcoolis\u00e9es, un fromage Mutschli au lieu de canap\u00e9s au thon &#8211; qu&rsquo;est-ce que cela signifie concr\u00e8tement ? Avec le lancement du projet <span> <\/span><em>local + \u00e9quitable<\/em><span> <\/span>l&rsquo;association March\u00e9s \u00c9quitables suisses (M\u00c9S) a lanc\u00e9 une offensive pour promouvoir les agriculteurs locaux, le petit commerce et donc la commercialisation directe de produits locaux \u00e0 des conditions \u00e9quitables. L&rsquo;objectif : cr\u00e9er un maximum de valeur ajout\u00e9e dans la r\u00e9gion. Les communes et les villes sont d\u00e9sormais particuli\u00e8rement vis\u00e9es : elles ont un r\u00f4le cl\u00e9 \u00e0 jouer dans la promotion des ventes locales et le renforcement de leurs r\u00e9seaux alimentaires.  <\/p>\n<p>Deux communes pionni\u00e8res d\u00e8s 2024 et r\u00e9pondant aux crit\u00e8res de promotion des produits locaux se verront d\u00e9cerner le <em>prix local + \u00e9quitable<\/em> par March\u00e9s \u00c9quitables Suisse pour leur engagement en faveur de la production locale (respect des crit\u00e8res pour Uster et W\u00e4denswil : voir annexe<sup data-fn=\"e7cfc078-9751-4fdc-a8d8-c606c7f128b9\" class=\"fn\"><a id=\"e7cfc078-9751-4fdc-a8d8-c606c7f128b9-link\" href=\"https:\/\/fairemaerkteschweiz.ch\/suessmost-statt-softdrinks-der-lokalfair-award-geht-an-die-ersten-staedte\/#e7cfc078-9751-4fdc-a8d8-c606c7f128b9\" target=\"_blank\" rel=\"noopener noreferrer nofollow\">1<\/a><\/sup>). \u00ab L&rsquo;Award exprime notre appr\u00e9ciation &#8211; et doit avoir un caract\u00e8re de phare pour d&rsquo;autres communes \u00bb, d\u00e9clare Stefan Fl\u00fcckiger, pr\u00e9sident de M\u00c9S. <\/p>\n<h3 class=\"wp-block-heading\"><strong>Le franc local doit rester local<\/strong><\/h3>\n<p>Lorsque les communes s&rsquo;engagent, elles ne font pas que promouvoir davantage de produits locaux et \u00e9quitables. Elles contribuent \u00e9galement \u00e0 ancrer l&rsquo;importance de la consommation locale dans la population. En effet, il est important pour les agriculteurs et les commer\u00e7ants locaux que la population connaisse leur offre et qu&rsquo;ils parviennent \u00e0 vendre leurs produits locaux le plus directement possible, sans passer par des interm\u00e9diaires.  <\/p>\n<p>\u00ab Le renforcement du r\u00e9seau alimentaire local permet de faire conna\u00eetre et de soutenir les commerces et les producteurs locaux, le franc local est investi localement et la population, les r\u00e9sidents des foyers et les employ\u00e9s sont approvisionn\u00e9s en denr\u00e9es alimentaires locales et fra\u00eeches et d\u00e9couvrent m\u00eame des sp\u00e9cialit\u00e9s r\u00e9gionales \u00bb, explique Stefan Fl\u00fcckiger, pr\u00e9sident de M\u00c9S. Un ap\u00e9ritif avec du jambon local plut\u00f4t qu&rsquo;un cocktail de crevettes, du cidre plut\u00f4t que du jus de fruits venu de loin et du pain directement du boulanger du coin &#8211; \u00ab nous sommes convaincus que tout le monde profite d&rsquo;un approvisionnement local \u00bb, d\u00e9clare Stefan Fl\u00fcckiger. <\/p>\n<p style=\"padding-left: 40px;\"><strong><em>Augmenter la valeur ajout\u00e9e locale : local + \u00e9quitable<\/em><\/strong><\/p>\n<p style=\"padding-left: 40px;\"><em>local + \u00e9quitable<\/em><span> <\/span>est un projet de March\u00e9s \u00c9quitables Suisse (MES) dont l&rsquo;objectif est de r\u00e9mun\u00e9rer \u00e9quitablement les agriculteurs, les entreprises de transformation et les artisans locaux pour leurs produits et d&rsquo;encourager les communes \u00e0 promouvoir les ventes locales. L&rsquo;objectif est d&rsquo;augmenter la valeur ajout\u00e9e dans les communes. C&rsquo;est-\u00e0-dire le plus directement et le plus \u00e9quitablement possible des producteurs aux consommateurs. Les fermes, les entreprises de transformation locales, les restaurants et les magasins qui misent sur les produits locaux se voient attribuer des prix sur la page d&rsquo;accueil.<a href=\"https:\/\/lokalundfair.ch\/fr\/\" target=\"_blank\" rel=\"noopener\"><span> <\/span><em>local + \u00e9quitable<\/em><\/a><em><span> <\/span>&#8211;<span> <\/span> sont pr\u00e9sents sur la plate-forme et les possibilit\u00e9s d&rsquo;achat sont pr\u00e9sent\u00e9es \u00e0 la population. Les communes qui remplissent un certain nombre de crit\u00e8res sont r\u00e9compens\u00e9es pour leur engagement en faveur de la production locale et sont soutenues dans le d\u00e9veloppement de la promotion des produits locaux.<\/em>    <\/p>\n<p style=\"padding-left: 40px;\"><strong><em>Que signifie local ?<\/em><\/strong><\/p>\n<p style=\"padding-left: 40px;\">La production et la distribution doivent \u00eatre aussi locales que possible et pr\u00e9senter de courtes distances de transport (si elles ne sont pas locales, elles doivent \u00eatre aussi r\u00e9gionales que possible). Les produits agricoles doivent \u00eatre commercialis\u00e9s si possible directement ou au maximum via un interm\u00e9diaire (transformation). <br \/><em><strong><\/strong><\/em><\/p>\n<p style=\"padding-left: 40px;\"><em><strong>Que signifie \u00e9quitable ?<\/strong> <\/em><\/p>\n<p style=\"padding-left: 40px;\">La valeur ajout\u00e9e g\u00e9n\u00e9r\u00e9e doit \u00eatre r\u00e9mun\u00e9r\u00e9e de mani\u00e8re appropri\u00e9e et \u00e9quitable \u00e0 tous les niveaux. La gestion durable doit profiter aux producteurs locaux, mais aussi aux entreprises commerciales qui assurent la tra\u00e7abilit\u00e9 et l&rsquo;origine de leurs produits. <\/p>\n<p>Vers le d\u00e9pliant d&rsquo;information :<span> <\/span><a href=\"https:\/\/lokalundfair-fms.ch\/wp-content\/uploads\/2024\/05\/Flyer-lokalfair-final-PRINT.pdf\" target=\"_blank\" rel=\"noopener noreferrer nofollow\">https:\/\/lokalundfair-fms.ch\/wp-content\/uploads\/2024\/05\/Flyer-lokalfair-final-PRINT.pdf<\/a><\/p>\n<p>R\u00e9alisation des crit\u00e8res<span> <\/span> Uster<span> <\/span>&#8211; R\u00e9alisation des crit\u00e8res<span> <\/span> W\u00e4denswil<\/p>\n<\/div>\n<p>[\/et_pb_text][\/et_pb_column][et_pb_column type=\u00a0\u00bb1_2&Prime; _builder_version=\u00a0\u00bb4.24.3&Prime; _module_preset=\u00a0\u00bbdefault\u00a0\u00bb global_colors_info=\u00a0\u00bb{}\u00a0\u00bb][et_pb_image src=\u00a0\u00bbhttps:\/\/lokalundfair.ch\/wp-content\/uploads\/2024\/09\/IMG_3850-1-rotated-1-1.jpg\u00a0\u00bb title_text=\u00a0\u00bbIMG_3850-1-rotation (1)\u00a0\u00bb _builder_version=\u00a0\u00bb4.24.3&Prime; _module_preset=\u00a0\u00bbdefault\u00a0\u00bb global_colors_info=\u00a0\u00bb{}\u00a0\u00bb][\/et_pb_image][et_pb_image src=\u00a0\u00bbhttps:\/\/lokalundfair.ch\/wp-content\/uploads\/2024\/09\/PXL_20240828_121055322-1-scaled-1.jpg\u00a0\u00bb title_text=\u00a0\u00bbPXL_20240828_121055322-1-scaled\u00a0\u00bb _builder_version=\u00a0\u00bb4.24.3&Prime; _module_preset=\u00a0\u00bbdefault\u00a0\u00bb global_colors_info=\u00a0\u00bb{}\u00a0\u00bb][\/et_pb_image][\/et_pb_column][\/et_pb_row][\/et_pb_section]<\/p>\n","protected":false},"excerpt":{"rendered":"<p>Du cidre doux au lieu de boissons non alcoolis\u00e9es : Les premi\u00e8res villes \u00e0 recevoir le prix local + \u00e9quitable Local plut\u00f4t que global : Uster et W\u00e4denswil vont de l&rsquo;avant. Les deux communes zurichoises re\u00e7oivent le prix local + \u00e9quitable . Celui-ci r\u00e9compense les communes et les villes pour leur engagement en faveur des [&hellip;]<\/p>\n","protected":false},"author":1,"featured_media":0,"parent":0,"menu_order":0,"comment_status":"closed","ping_status":"closed","template":"","meta":{"_acf_changed":false,"_et_pb_use_builder":"on","_et_pb_old_content":"","_et_gb_content_width":"","footnotes":""},"class_list":["post-30407","page","type-page","status-publish","hentry"],"acf":[],"_links":{"self":[{"href":"https:\/\/lokalundfair.ch\/fr\/wp-json\/wp\/v2\/pages\/30407","targetHints":{"allow":["GET"]}}],"collection":[{"href":"https:\/\/lokalundfair.ch\/fr\/wp-json\/wp\/v2\/pages"}],"about":[{"href":"https:\/\/lokalundfair.ch\/fr\/wp-json\/wp\/v2\/types\/page"}],"author":[{"embeddable":true,"href":"https:\/\/lokalundfair.ch\/fr\/wp-json\/wp\/v2\/users\/1"}],"replies":[{"embeddable":true,"href":"https:\/\/lokalundfair.ch\/fr\/wp-json\/wp\/v2\/comments?post=30407"}],"version-history":[{"count":3,"href":"https:\/\/lokalundfair.ch\/fr\/wp-json\/wp\/v2\/pages\/30407\/revisions"}],"predecessor-version":[{"id":31476,"href":"https:\/\/lokalundfair.ch\/fr\/wp-json\/wp\/v2\/pages\/30407\/revisions\/31476"}],"wp:attachment":[{"href":"https:\/\/lokalundfair.ch\/fr\/wp-json\/wp\/v2\/media?parent=30407"}],"curies":[{"name":"wp","href":"https:\/\/api.w.org\/{rel}","templated":true}]}}