{"id":30459,"date":"2024-09-23T14:13:45","date_gmt":"2024-09-23T12:13:45","guid":{"rendered":"https:\/\/lokalundfair.ch\/?page_id=30459"},"modified":"2025-07-30T16:25:56","modified_gmt":"2025-07-30T14:25:56","slug":"un-depart-sous-les-meilleurs-auspices-3","status":"publish","type":"page","link":"https:\/\/lokalundfair.ch\/fr\/un-depart-sous-les-meilleurs-auspices-3\/","title":{"rendered":"Acheter local au village : March\u00e9s \u00c9quitables Suisse apporte la vente directe au peuple"},"content":{"rendered":"<p>[et_pb_section fb_built=\u00a0\u00bb1&Prime; _builder_version=\u00a0\u00bb4.24.3&Prime; _module_preset=\u00a0\u00bbdefault\u00a0\u00bb global_colors_info=\u00a0\u00bb{}\u00a0\u00bb][et_pb_row column_structure=\u00a0\u00bb1_2,1_2&Prime; _builder_version=\u00a0\u00bb4.27.4&Prime; _module_preset=\u00a0\u00bbdefault\u00a0\u00bb hover_enabled=\u00a0\u00bb0&Prime; global_colors_info=\u00a0\u00bb{}\u00a0\u00bb sticky_enabled=\u00a0\u00bb0&Prime;][et_pb_column type=\u00a0\u00bb1_2&Prime; _builder_version=\u00a0\u00bb4.27.4&Prime; _module_preset=\u00a0\u00bbdefault\u00a0\u00bb hover_enabled=\u00a0\u00bb0&Prime; global_colors_info=\u00a0\u00bb{}\u00a0\u00bb sticky_enabled=\u00a0\u00bb0&Prime;][et_pb_text _builder_version=\u00a0\u00bb4.27.4&Prime; _module_preset=\u00a0\u00bbdefault\u00a0\u00bb hover_enabled=\u00a0\u00bb0&Prime; global_colors_info=\u00a0\u00bb{}\u00a0\u00bb sticky_enabled=\u00a0\u00bb0&Prime;]<\/p>\n<p><em>Dans la boutique, au restaurant, \u00e0 la ferme<\/em><\/p>\n<h1 class=\"wp-block-heading\"><strong>Acheter local au village : March\u00e9s \u00c9quitables Suisse apporte la vente directe au peuple<\/strong><\/h1>\n<p><strong>L&rsquo;association March\u00e9s \u00c9quitables Suisse a organis\u00e9 cette ann\u00e9e son premier \u00ab\u00a0Forum national\u00a0\u00bb.<span> <\/span><em>local + \u00e9quitable<\/em>&lsquo;. Dans des r\u00e9gions de toute la Suisse, des agriculteurs, des restaurants et des entreprises ont particip\u00e9 \u00e0 cette journ\u00e9e et ont pr\u00e9sent\u00e9 leurs produits \u00e0 la population.   <\/strong><\/p>\n<p>La population est de plus en plus sensible au fait d&rsquo;acheter des produits alimentaires dont elle conna\u00eet l&rsquo;origine et donc le contenu. Ils sont \u00e9galement de plus en plus conscients de l&rsquo;impact environnemental des longs trajets de transport des produits. A cela s&rsquo;ajoute une sensibilit\u00e9 accrue aux prix, c&rsquo;est-\u00e0-dire que les gens ne veulent pas acheter chez un grossiste des produits biologiques chers dont la majeure partie du prix d&rsquo;achat ne parvient pas directement au producteur.  <\/p>\n<p>Afin d&rsquo;informer la population sur les possibilit\u00e9s d&rsquo;acheter des produits locaux et \u00e9quitables dans leur quartier ou leur village, la nouvelle association March\u00e9s \u00e9quitables Suisse a organis\u00e9 samedi le premier salon national du commerce \u00e9quitable.<span> <\/span><a href=\"https:\/\/lokalundfair.ch\/fr\/\" target=\"_blank\" rel=\"noopener\">local + \u00e9quitable &#8211; Journ\u00e9e<\/a><span> <\/span>ont \u00e9t\u00e9 organis\u00e9es. Les visiteurs ont pu rencontrer les agriculteurs locaux lors de visites de fermes et de restaurants, de d\u00e9gustations ou d&rsquo;un march\u00e9, d\u00e9guster des vins locaux et des saucisses v\u00e9g\u00e9taliennes ou \u00e0 base de viande ou participer aux vendanges et \u00e0 la fabrication de leur propre pain. <\/p>\n<p>\u00ab Dans le cadre du projet local + \u00e9quitable, nous voulons montrer tr\u00e8s concr\u00e8tement lors de la Journ\u00e9e nationale de la vente directe o\u00f9 et comment les producteurs vraiment locaux peuvent \u00eatre soutenus, cr\u00e9er des rencontres lors du march\u00e9, des d\u00e9gustations et des visites de fermes et donner \u00e0 cette th\u00e9matique une importance politique nationale \u00bb, explique Stefan Fl\u00fcckiger, pr\u00e9sident de M\u00c9S.<\/p>\n<h3 class=\"wp-block-heading\"><strong>Des personnalit\u00e9s du monde des affaires et de la politique<\/strong><\/h3>\n<p>La journ\u00e9e s&rsquo;est ouverte \u00e0 St\u00e4fa, au bord du lac de Zurich, avec des entreprises locales et des discours de repr\u00e9sentants \u00e9conomiques et politiques. Martin Haab, conseiller national et pr\u00e9sident de l&rsquo;Union des paysans zurichois, Marc Schlumberger, vice-pr\u00e9sident de l&rsquo;Union des arts et m\u00e9tiers, Andrea Kuhn-Senn, membre du conseil municipal, Martin Jucker, pionnier de local+\u00e9quitable, et Marcus Bosshard, pr\u00e9sident de l&rsquo;association locale de St\u00e4fner local+\u00e9quitable, ont ouvert la journ\u00e9e avec Stefan Fl\u00fcckiger, pr\u00e9sident de M\u00c9S, et se sont prononc\u00e9s en faveur de l&rsquo;achat directement sur place &#8211; plut\u00f4t que de passer par les grands d\u00e9taillants. <\/p>\n<p><strong>Du point de vue des agriculteurs, Martin Haab, conseiller national et pr\u00e9sident de l&rsquo;Union des agriculteurs zurichois, a d\u00e9clar\u00e9 :<span> \u00ab <\/span><\/strong>Les agriculteurs sont au d\u00e9but de la cha\u00eene de cr\u00e9ation de valeur pour des aliments sains et frais. L&rsquo;objectif est d&rsquo;amener le plus possible aux consommateurs par la vente directe ou par des circuits de distribution courts, afin de garantir une r\u00e9mun\u00e9ration \u00e9quitable et de garder le plus possible du franc des consommateurs dans les r\u00e9gions. L&rsquo;agriculture apporte ainsi une contribution centrale \u00e0 un comportement d&rsquo;achat durable \u00bb.<\/p>\n<p><strong>Marc Schlumberger, vice-pr\u00e9sident de l&rsquo;association des commer\u00e7ants du district de Meilen, a expliqu\u00e9 que le commerce joue un r\u00f4le important :<span> \u00ab <\/span><\/strong>Dans un approvisionnement alimentaire local, le commerce joue un r\u00f4le central. Cela comprend les entreprises de production et de transformation ainsi que le commerce de d\u00e9tail local. Pour fournir \u00e0 la population des denr\u00e9es alimentaires fra\u00eeches et de saison, il faut des structures commerciales locales saines. La proximit\u00e9 avec les consommateurs fait des achats une exp\u00e9rience \u00bb.<\/p>\n<p><strong><em>local + \u00e9quitable<\/em><\/strong><strong>Le pionnier Martin Jucker de Jucker Farm AG \u00e0 Seegr\u00e4ben a d\u00e9clar\u00e9 \u00e0 ce sujet :<span> \u00ab <\/span><\/strong>Local et \u00e9quitable se r\u00e9f\u00e8re au cycle \u00e9conomique r\u00e9gional et local. Il est extr\u00eamement important de le renforcer. Par cons\u00e9quent, les agriculteurs sont par d\u00e9finition des commer\u00e7ants et sont int\u00e9gr\u00e9s dans ce circuit. Pour renforcer la position de l&rsquo;approvisionnement alimentaire local, il est imp\u00e9ratif que les agriculteurs aient plus de libert\u00e9 \u00e9conomique en amont et en aval et qu&rsquo;ils re\u00e7oivent une juste r\u00e9mun\u00e9ration ou qu&rsquo;ils se donnent un juste prix dans la vente directe. Ainsi, les \u00e9changes avec le commerce local seront nettement plus intenses et tout le monde en profitera. Chaque agriculteur a sa place dans l&rsquo;association des artisans et la politique nationale doit cesser d&rsquo;enfoncer des coins dans ce cycle \u00bb. <\/p>\n<p>Chaque commune en Suisse joue un r\u00f4le central dans l&rsquo;ancrage de l&rsquo;achat local et \u00e9quitable.<span> <\/span><strong>Andrea Kuhn-Senn, conseill\u00e8re municipale et pr\u00e9sidente de la commission pour le d\u00e9veloppement durable \u00e0 St\u00e4fa, explique l&rsquo;engagement de la commune :<span> \u00ab <\/span><\/strong>Je me r\u00e9jouis que de nombreux habitants de St\u00e4fa puissent savourer chaque jour quelque chose de d\u00e9licieux et de sain issu de la production et de l&rsquo;agriculture locales. L&rsquo;association <em>local + \u00e9quitable<\/em> joue un r\u00f4le important pour promouvoir la prise de conscience et les comportements d&rsquo;achat correspondants. C&rsquo;est une contribution modeste mais tr\u00e8s importante dans le cadre de la strat\u00e9gie de durabilit\u00e9 2030 de la commune de St\u00e4fa. Nous remercions toutes les personnes impliqu\u00e9es pour leur grand engagement \u00bb.   <\/p>\n<p>Et<span> <\/span><strong>Marcus Bosshard, pr\u00e9sident de l&rsquo;association <em>local + \u00e9quitable<\/em> St\u00e4fa, ajoute :<span> \u00ab<\/span><\/strong>Lorsque, en tant que St\u00e4faois, j&rsquo;ach\u00e8te les produits qui ont pouss\u00e9 ici \u00e0 St\u00e4fa et qui sont vendus ici, je suis conscient que je renforce notre village. Je vois les champs, les arbres et les agriculteurs qui me fournissent de la nourriture. Cela me rassure. C&rsquo;est cette prise de conscience que l&rsquo;association <em>local + \u00e9quitable<\/em> souhaite renforcer chez tous les habitants \u00bb.   <\/p>\n<h3 class=\"wp-block-heading\"><strong>local signifie sur place &#8211; pas chez le grossiste<\/strong><\/h3>\n<p>Avec<span> <\/span><em>local + \u00e9quitable<span> <\/span><\/em>, l&rsquo;association veut sensibiliser le public aux achats locaux et \u00e9quitables &#8211; et donner un signal contre le &lsquo;local washing&rsquo; des grands distributeurs qui, malgr\u00e9 des pratiques commerciales in\u00e9quitables, essaient de se pr\u00e9senter comme des promoteurs des produits locaux et des agriculteurs. Migros s&rsquo;est r\u00e9cemment pr\u00e9sent\u00e9e dans sa campagne publicitaire comme le \u00ab\u00a0plus grand magasin \u00e0 la ferme de Suisse\u00a0\u00bb et Coop tente \u00e9galement de marquer des points aupr\u00e8s des consommateurs avec son label \u00ab\u00a0Miini Region\u00a0\u00bb. Les agriculteurs n&rsquo;en profitent souvent pas beaucoup, parfois ils ne savent m\u00eame pas que leur marchandise est vendue comme un produit r\u00e9gional. C&rsquo;est ainsi qu&rsquo;un agriculteur bio thurgovien a appris par K-Tipp que Coop vendait ses \u0153ufs \u00e0 Zurich sous l&rsquo;appellation \u00ab\u00a0Z\u00fcri-Eier\u00a0\u00bb &#8211; des \u0153ufs de Thurgovie, notons-le. L&rsquo;association veut lutter contre cela. \u00ab\u00a0Avec la <em>Journ\u00e9e local + \u00e9quitable<\/em>, M\u00c9S ne se contente pas de d\u00e9noncer les pratiques commerciales d\u00e9loyales des grands distributeurs, elle cr\u00e9e aussi concr\u00e8tement les conditions pour renforcer la production locale et motiver la population \u00e0 consommer r\u00e9gional\u00a0\u00bb, explique Stefan Fl\u00fcckiger, pr\u00e9sident de M\u00c9S.     <\/p>\n<p>[\/et_pb_text][\/et_pb_column][et_pb_column type=\u00a0\u00bb1_2&Prime; _builder_version=\u00a0\u00bb4.27.4&Prime; _module_preset=\u00a0\u00bbdefault\u00a0\u00bb hover_enabled=\u00a0\u00bb0&Prime; global_colors_info=\u00a0\u00bb{}\u00a0\u00bb sticky_enabled=\u00a0\u00bb0&Prime;][et_pb_image src=\u00a0\u00bbhttps:\/\/lokalundfair.ch\/wp-content\/uploads\/2024\/09\/LokalFair-Staefa-2024-09-15-110557-scaled.jpg\u00a0\u00bb title_text=\u00a0\u00bbMarch\u00e9 \u00c9quitables Suisse \u00e0 St\u00e4fa\u00a0\u00bb _builder_version=\u00a0\u00bb4.24.3&Prime; _module_preset=\u00a0\u00bbdefault\u00a0\u00bb global_colors_info=\u00a0\u00bb{}\u00a0\u00bb][\/et_pb_image][et_pb_image src=\u00a0\u00bbhttps:\/\/lokalundfair.ch\/wp-content\/uploads\/2024\/09\/LokalFair-Staefa-2024-09-15-113654-scaled.jpg\u00a0\u00bb title_text=\u00a0\u00bbMarch\u00e9 \u00c9quitables Suisse \u00e0 St\u00e4fa\u00a0\u00bb _builder_version=\u00a0\u00bb4.24.3&Prime; _module_preset=\u00a0\u00bbdefault\u00a0\u00bb global_colors_info=\u00a0\u00bb{}\u00a0\u00bb][\/et_pb_image][et_pb_image src=\u00a0\u00bbhttps:\/\/lokalundfair.ch\/wp-content\/uploads\/2024\/09\/LokalFair-Staefa-2024-09-15-115603-scaled.jpg\u00a0\u00bb title_text=\u00a0\u00bbMarch\u00e9 \u00c9quitables Suisse \u00e0 St\u00e4fa\u00a0\u00bb _builder_version=\u00a0\u00bb4.24.3&Prime; _module_preset=\u00a0\u00bbdefault\u00a0\u00bb global_colors_info=\u00a0\u00bb{}\u00a0\u00bb][\/et_pb_image][et_pb_gallery gallery_ids=\u00a0\u00bb30461,30465,30467,30469,30471,30473,30475,30477,30463,30499,30493,30491,30489,30487,30485,30483,30503,30505,30507,30509&Prime; posts_number=\u00a0\u00bb8&Prime; show_title_and_caption=\u00a0\u00bboff\u00a0\u00bb _builder_version=\u00a0\u00bb4.24.3&Prime; _module_preset=\u00a0\u00bbdefault\u00a0\u00bb custom_margin=\u00a0\u00bb|0px||0px|false|false\u00a0\u00bb global_colors_info=\u00a0\u00bb{}\u00a0\u00bb][\/et_pb_gallery][\/et_pb_column][\/et_pb_row][\/et_pb_section]<\/p>\n","protected":false},"excerpt":{"rendered":"<p>Dans la boutique, au restaurant, \u00e0 la ferme Acheter local au village : March\u00e9s \u00c9quitables Suisse apporte la vente directe au peuple L&rsquo;association March\u00e9s \u00c9quitables Suisse a organis\u00e9 cette ann\u00e9e son premier \u00ab\u00a0Forum national\u00a0\u00bb. local + \u00e9quitable&rsquo;. Dans des r\u00e9gions de toute la Suisse, des agriculteurs, des restaurants et des entreprises ont particip\u00e9 \u00e0 cette [&hellip;]<\/p>\n","protected":false},"author":1,"featured_media":0,"parent":0,"menu_order":0,"comment_status":"closed","ping_status":"closed","template":"","meta":{"_acf_changed":false,"_et_pb_use_builder":"on","_et_pb_old_content":"","_et_gb_content_width":"","footnotes":""},"class_list":["post-30459","page","type-page","status-publish","hentry"],"acf":[],"_links":{"self":[{"href":"https:\/\/lokalundfair.ch\/fr\/wp-json\/wp\/v2\/pages\/30459","targetHints":{"allow":["GET"]}}],"collection":[{"href":"https:\/\/lokalundfair.ch\/fr\/wp-json\/wp\/v2\/pages"}],"about":[{"href":"https:\/\/lokalundfair.ch\/fr\/wp-json\/wp\/v2\/types\/page"}],"author":[{"embeddable":true,"href":"https:\/\/lokalundfair.ch\/fr\/wp-json\/wp\/v2\/users\/1"}],"replies":[{"embeddable":true,"href":"https:\/\/lokalundfair.ch\/fr\/wp-json\/wp\/v2\/comments?post=30459"}],"version-history":[{"count":3,"href":"https:\/\/lokalundfair.ch\/fr\/wp-json\/wp\/v2\/pages\/30459\/revisions"}],"predecessor-version":[{"id":31481,"href":"https:\/\/lokalundfair.ch\/fr\/wp-json\/wp\/v2\/pages\/30459\/revisions\/31481"}],"wp:attachment":[{"href":"https:\/\/lokalundfair.ch\/fr\/wp-json\/wp\/v2\/media?parent=30459"}],"curies":[{"name":"wp","href":"https:\/\/api.w.org\/{rel}","templated":true}]}}